{"id":4238,"date":"2016-01-30T23:29:34","date_gmt":"2016-01-30T23:29:34","guid":{"rendered":"http:\/\/bernardoaguiar.com.br\/?page_id=4238"},"modified":"2016-02-03T20:13:13","modified_gmt":"2016-02-03T20:13:13","slug":"strejf","status":"publish","type":"page","link":"https:\/\/bernardoaguiar.com.br\/en\/strejf\/","title":{"rendered":"STREJF"},"content":{"rendered":"<p><img loading=\"lazy\" decoding=\"async\" class=\"size-large wp-image-4239 aligncenter\" src=\"http:\/\/bernardoaguiar.com.br\/wp-content\/uploads\/2016\/01\/strejf_site-1024x345.jpg\" alt=\"strejf_site\" width=\"696\" height=\"234\" srcset=\"https:\/\/bernardoaguiar.com.br\/wp-content\/uploads\/2016\/01\/strejf_site-1024x345.jpg 1024w, https:\/\/bernardoaguiar.com.br\/wp-content\/uploads\/2016\/01\/strejf_site-559x188.jpg 559w, https:\/\/bernardoaguiar.com.br\/wp-content\/uploads\/2016\/01\/strejf_site-768x259.jpg 768w, https:\/\/bernardoaguiar.com.br\/wp-content\/uploads\/2016\/01\/strejf_site.jpg 1298w\" sizes=\"auto, (max-width: 696px) 100vw, 696px\" \/><\/p>\n<p>&nbsp;<\/p>\n<p>Um dos pa\u00edses onde o Pandeiro Repique Duo \u00e9 mais requisitado \u00e9 a Dinamarca. L\u00e1 fundaram um trabalho inspirado na obra do grande compositor brasileiro Egberto Gismonti, trata-se de um quarteto formado pelo pianista dinamarqu\u00eas <a href=\"http:\/\/carstenkaer.com\/\">Carsten K\u00e6r<\/a> e pelo baixista franc\u00eas <a href=\"http:\/\/bricesoniano.com\/\">Brice Soniano<\/a>. O quarteto realiza imers\u00f5es musicais, em prol de uma m\u00fasica esculpida de maneira artesanal. A experi\u00eancia de Brice com as mais diversas formas de m\u00fasica, com destaque para sua viv\u00eancia em aldeias africanas, como a dos pigmeus, somado \u00e0 bagagem cultural brasileira de Gabriel e Bernardo e escandinava de Carsten K faz com que a sonoridade do grupo seja \u00fanica.<\/p>\n<p>Lan\u00e7aram um CD na Dinamarca em 2014 que possui composi\u00e7\u00f5es autorais de seus integrantes, incluindo a pe\u00e7a intitulada Boa Esperan\u00e7a, composta por Bernardo Aguiar.<\/p>\n<p>&nbsp;<\/p>\n<p>&nbsp;<\/p>\n","protected":false},"excerpt":{"rendered":"<p>&nbsp; Um dos pa\u00edses onde o Pandeiro Repique Duo \u00e9 mais requisitado \u00e9 a Dinamarca. L\u00e1 fundaram um trabalho inspirado na obra do grande compositor brasileiro Egberto Gismonti, trata-se de um quarteto formado pelo pianista dinamarqu\u00eas Carsten K\u00e6r e pelo baixista franc\u00eas Brice Soniano. O quarteto realiza imers\u00f5es musicais, em prol de uma m\u00fasica esculpida de maneira artesanal. A experi\u00eancia de Brice com as mais diversas formas de m\u00fasica, com destaque para sua viv\u00eancia em aldeias africanas, como a dos [&hellip;]<\/p>\n","protected":false},"author":1,"featured_media":0,"parent":0,"menu_order":0,"comment_status":"closed","ping_status":"closed","template":"","meta":{"footnotes":""},"class_list":["post-4238","page","type-page","status-publish","hentry"],"_links":{"self":[{"href":"https:\/\/bernardoaguiar.com.br\/en\/wp-json\/wp\/v2\/pages\/4238","targetHints":{"allow":["GET"]}}],"collection":[{"href":"https:\/\/bernardoaguiar.com.br\/en\/wp-json\/wp\/v2\/pages"}],"about":[{"href":"https:\/\/bernardoaguiar.com.br\/en\/wp-json\/wp\/v2\/types\/page"}],"author":[{"embeddable":true,"href":"https:\/\/bernardoaguiar.com.br\/en\/wp-json\/wp\/v2\/users\/1"}],"replies":[{"embeddable":true,"href":"https:\/\/bernardoaguiar.com.br\/en\/wp-json\/wp\/v2\/comments?post=4238"}],"version-history":[{"count":6,"href":"https:\/\/bernardoaguiar.com.br\/en\/wp-json\/wp\/v2\/pages\/4238\/revisions"}],"predecessor-version":[{"id":4280,"href":"https:\/\/bernardoaguiar.com.br\/en\/wp-json\/wp\/v2\/pages\/4238\/revisions\/4280"}],"wp:attachment":[{"href":"https:\/\/bernardoaguiar.com.br\/en\/wp-json\/wp\/v2\/media?parent=4238"}],"curies":[{"name":"wp","href":"https:\/\/api.w.org\/{rel}","templated":true}]}}