{"id":4100,"date":"2016-01-08T03:14:09","date_gmt":"2016-01-08T03:14:09","guid":{"rendered":"http:\/\/bernardoaguiar.com.br\/?page_id=4100"},"modified":"2016-05-04T21:39:45","modified_gmt":"2016-05-04T21:39:45","slug":"bio","status":"publish","type":"page","link":"https:\/\/bernardoaguiar.com.br\/pb\/bio\/","title":{"rendered":"BIO"},"content":{"rendered":"<p>&nbsp;<\/p>\n<p><img loading=\"lazy\" decoding=\"async\" class=\"aligncenter size-large wp-image-4266\" src=\"http:\/\/bernardoaguiar.com.br\/wp-content\/uploads\/2016\/01\/foto-snarky-congas-1024x683.jpg\" alt=\"foto snarky congas\" width=\"696\" height=\"464\" srcset=\"https:\/\/bernardoaguiar.com.br\/wp-content\/uploads\/2016\/01\/foto-snarky-congas-1024x683.jpg 1024w, https:\/\/bernardoaguiar.com.br\/wp-content\/uploads\/2016\/01\/foto-snarky-congas-559x373.jpg 559w, https:\/\/bernardoaguiar.com.br\/wp-content\/uploads\/2016\/01\/foto-snarky-congas-768x512.jpg 768w, https:\/\/bernardoaguiar.com.br\/wp-content\/uploads\/2016\/01\/foto-snarky-congas.jpg 2048w\" sizes=\"auto, (max-width: 696px) 100vw, 696px\" \/><\/p>\n<p>&nbsp;<\/p>\n<p>&nbsp;<\/p>\n<p>Nascido em 1984 no Rio de Janeiro, Bernardo Aguiar teve o seu interesse pela percuss\u00e3o despertado de maneira bem espont\u00e2nea durante a sua inf\u00e2ncia. Ao ver e sentir a press\u00e3o sonora de uma bateria de escola de samba, sentiu necessidade de tocar percuss\u00e3o, o que o levou a frequentar a bateria do GRES Unidos do Santa Marta e alguns blocos carnavalescos do Rio de Janeiro, nos anos 90.<\/p>\n<p>Aos 13 anos iniciou a sua carreira profissional ao ingressar na orquestra de pandeiros Pandemonium, na qual permaneceu at\u00e9 o ano de 2001, como o solista principal. Durante esse per\u00edodo, o grupo fez shows ao lado de grandes nomes do samba como Jo\u00e3o Nogueira, Elza Soares, Nelson Sargento e Wilson Moreira, al\u00e9m de ter participado do Percpan de 2000, um dos mais importantes festivais de percuss\u00e3o do mundo, dirigido pelos m\u00fasicos Gilberto Gil e Nan\u00e1 Vasconcelos. Tamb\u00e9m foi atrav\u00e9s do Pandemonium que Bernardo teve contato com alguns de seus mestres da percuss\u00e3o: Carlos Negreiros, Robertinho Silva e Marcos Suzano.<\/p>\n<p>A partir dos 17 anos, come\u00e7ou a acompanhar e a gravar com diversos m\u00fasicos do cen\u00e1rio da m\u00fasica instrumental carioca, incluindo o grupo <a href=\"https:\/\/www.facebook.com\/Carlos-Malta-e-Pife-Muderno-1418034428502961\/\" target=\"_blank\">Pife Muderno<\/a>, liderado pelo multi-instrumentista <a href=\"http:\/\/www.carlosmalta.com.br\/\" target=\"_blank\">Carlos Malta<\/a>. Integrando o grupo, Bernardo viajou por muitos lugares do Brasil e do mundo. Al\u00e9m de sucessivas viagens \u00e0 europa, Bernardo esteve em 2006 com o Pife Muderno na University of Florida (EUA), local onde tamb\u00e9m ministrou cursos de pandeiro e percuss\u00e3o, em 2011 na<em> Forbidden City Concert Hall<\/em>\u00a0(Pequim, China) e em 2012, no lend\u00e1rio <em>Carnegie Hall<\/em> (Nova York, USA), se apresentando ao lado do cantor e compositor Gilberto Gil. O grupo atua com grandes nomes da m\u00fasica brasileira e do mundo como Lenine, Moraes Moreira e Jacob Collier.<\/p>\n<p>Em 2007, Bernardo foi um dos convidados internacionais da edi\u00e7\u00e3o do Copenhagen Jazz Festival, na Dinamarca. Nesse mesmo ano, se apresentou ao lado do bandolinista Hamilton de Holanda no projeto Manisfesto Brasilianos, que prop\u00f5em o encontro de m\u00fasicos da nova gera\u00e7\u00e3o em destaque. Com Hamilton, e com o violoncelista Jaques Morelenbaum, se apresentou em 2009 no <em>Festival Tudo \u00e9 Jazz<\/em> em Ouro Preto. Tamb\u00e9m gravou no disco<em> Casa de Villa<\/em>, do compositor Guinga e realizou shows em diversos lugares da \u00c1sia em duo\u00a0com o violinista Z\u00e9 Paulo Becker.<\/p>\n<p>Transitando pelo universo de m\u00fasica pop, gravou dois dos \u00faltimos discos da banda O Rappa e o seu DVD Ac\u00fastico MTV. Realizou turn\u00ea nos EUA a convite do lend\u00e1rio percussionista Sammy Figueroa e acompanhou a cantora Roberta S\u00e1 em turn\u00ea pelo Brasil.<\/p>\n<p>Em 2009, ao lado do m\u00fasico Gabriel Policarpo, fundou um dueto de percuss\u00e3o, o Pandeiro Repique Duo (PRD), projeto que coloca lado a lado esses dois instrumentos t\u00edpicos da alma carioca expandindo os limites regionais \u00e0 sonoridades universais. O Duo, al\u00e9m de shows, promove oficinas de ritmos brasileiros, j\u00e1 tendo atuado em palcos de pa\u00edses da \u00c1frica, Europa e Am\u00e9rica do Sul e importantes centros acad\u00eamicos do mundo como o <em>The Juilliard School of Music<\/em>, <em>The Philadelphia University of Arts<\/em>, <em>City University London<\/em> e <em>Copenhagen Rytmisk Konservatorium<\/em>. Em 2012 o Pandeiro Repique Duo lan\u00e7ou seu primeiro \u00e1lbum que cont\u00e9m um CD b\u00f4nus com participa\u00e7\u00f5es especiais de Yamand\u00fa Costa, Nicolas Krassik e Carlos Malta, Marcos Suzano, Mestre Ci\u00e7a e o cantor africano Ashimba. Em 2014, o PRD gravou na Dinamarca um trabalho que prop\u00f5em uma imers\u00e3o musical junto com instrumentos convencionais como o contrabaixo ac\u00fastico e o piano, esse projeto se chama Strejf e \u00e9 formado pelo pianista dinamarqu\u00eas Carsten K\u00e6r e pelo baixista franc\u00eas Brice Soniano.<\/p>\n<p>Em 2015, Bernardo assinou a produ\u00e7\u00e3o musical do elogiado disco da cantora Aline Paes. Tamb\u00e9m participou do longa-metragem &#8220;Xingu Cariri Caruaru Carioca&#8221;, da diretora Beth Formaggini, que passeia pelo universo musical das bandas de p\u00edfanos. Nesse document\u00e1rio, Bernardo Aguiar percorre, ao lado de Carlos Malta, diversos recantos do Brasil em busca de sonoridades tradicionais da m\u00fasica brasileira que servem de inspira\u00e7\u00e3o a express\u00f5es contempor\u00e2neas.<\/p>\n<p>Nesse mesmo ano foi convidado para gravar o DVD &#8220;Family Dinner 2&#8243;da banda norte-americana Snarky Puppy, um grande projeto de m\u00fasica do mundo em que se apresenta ao lado de grandes nomes da m\u00fasica do mundo como Chris Turner, Suzana Baca e Salif Keita e que foi lan\u00e7ado em 2016.<\/p>\n<p>2016 \u00e9 o ano em que lan\u00e7a o seu projeto audiovisual &#8220;Universal Pandeiro&#8221;, concebido junto com o seu parceiro cineasta Daniel L\u00f4bo, que divulga a m\u00fasica feita com pandeiros ao redor do mundo. \u00c9 tamb\u00e9m o ano que lan\u00e7a o seu m\u00e9todo de pandeiro &#8220;Pandeiro Moderno&#8221;.<\/p>","protected":false},"excerpt":{"rendered":"<p>&nbsp; &nbsp; &nbsp; Nascido em 1984 no Rio de Janeiro, Bernardo Aguiar teve o seu interesse pela percuss\u00e3o despertado de maneira bem espont\u00e2nea durante a sua inf\u00e2ncia. Ao ver e sentir a press\u00e3o sonora de uma bateria de escola de samba, sentiu necessidade de tocar percuss\u00e3o, o que o levou a frequentar a bateria do GRES Unidos do Santa Marta e alguns blocos carnavalescos do Rio de Janeiro, nos anos 90. Aos 13 anos iniciou a sua carreira profissional ao [&hellip;]<\/p>\n","protected":false},"author":1,"featured_media":0,"parent":0,"menu_order":0,"comment_status":"closed","ping_status":"closed","template":"","meta":{"footnotes":""},"class_list":["post-4100","page","type-page","status-publish","hentry"],"_links":{"self":[{"href":"https:\/\/bernardoaguiar.com.br\/pb\/wp-json\/wp\/v2\/pages\/4100","targetHints":{"allow":["GET"]}}],"collection":[{"href":"https:\/\/bernardoaguiar.com.br\/pb\/wp-json\/wp\/v2\/pages"}],"about":[{"href":"https:\/\/bernardoaguiar.com.br\/pb\/wp-json\/wp\/v2\/types\/page"}],"author":[{"embeddable":true,"href":"https:\/\/bernardoaguiar.com.br\/pb\/wp-json\/wp\/v2\/users\/1"}],"replies":[{"embeddable":true,"href":"https:\/\/bernardoaguiar.com.br\/pb\/wp-json\/wp\/v2\/comments?post=4100"}],"version-history":[{"count":12,"href":"https:\/\/bernardoaguiar.com.br\/pb\/wp-json\/wp\/v2\/pages\/4100\/revisions"}],"predecessor-version":[{"id":4404,"href":"https:\/\/bernardoaguiar.com.br\/pb\/wp-json\/wp\/v2\/pages\/4100\/revisions\/4404"}],"wp:attachment":[{"href":"https:\/\/bernardoaguiar.com.br\/pb\/wp-json\/wp\/v2\/media?parent=4100"}],"curies":[{"name":"wp","href":"https:\/\/api.w.org\/{rel}","templated":true}]}}