{"id":4222,"date":"2016-01-30T23:03:24","date_gmt":"2016-01-30T23:03:24","guid":{"rendered":"http:\/\/bernardoaguiar.com.br\/?page_id=4222"},"modified":"2016-02-24T18:41:11","modified_gmt":"2016-02-24T18:41:11","slug":"pife-muderno","status":"publish","type":"page","link":"https:\/\/bernardoaguiar.com.br\/pb\/pife-muderno\/","title":{"rendered":"CARLOS MALTA E PIFE MUDERNO"},"content":{"rendered":"<div style=\"text-align: center;\"><iframe loading=\"lazy\" src=\"https:\/\/www.youtube.com\/embed\/Y8QLKah9cyE\" width=\"853\" height=\"480\" frameborder=\"0\" allowfullscreen=\"allowfullscreen\"><\/iframe><\/div>\n<p>&nbsp;<\/p>\n<p>Liderado e idealizado pelo \u201cescultor do vento\u201d Carlos Malta, o grupo parte do legado das tradicional\u00edssimas bandas de p\u00edfanos em dire\u00e7\u00e3o a uma sonoridade bem particular, que evidencia a influ\u00eancia contempor\u00e2nea e urbana de seus integrantes. A m\u00fasica do Pife Muderno se d\u00e1 atrav\u00e9s da pr\u00e1tica virtuosa de seus m\u00fasicos, o resultado \u00e9 uma m\u00fasica contagiante, que faz com que as pessoas dancem e se emocionem.<\/p>\n<p>Assim como as tradicionais bandas presentes sobretudo no nordeste do Brasil, o grupo carioca \u00e9 formado apenas por sopros e percuss\u00f5es, mas, diferente do que manda a tradi\u00e7\u00e3o, s\u00e3o inclu\u00eddos instrumentos que n\u00e3o fazem parte do universo das bandas de p\u00edfanos como o sax, a flauta transversa, a flauta baixo e o pandeiro grave, o que imprime uma sonoridade \u00fanica ao grupo. Dessa maneira a tradi\u00e7\u00e3o e o regionalismo andam de m\u00e3os dadas com a modernidade e a universalidade.<\/p>\n<p>Carlos Malta (flautas uru\u00e1, pifes, di-zi, flautas baixo, em d\u00f3, sax soprano, arranjos e dire\u00e7\u00e3o musical), Andrea Ernest Dias (pifes, bansuri, flauta baixo em d\u00f3 e em sol), Marcos Suzano (pandeiro), Bernardo Aguiar (pandeiro), Durval Pereira (zabumba e pandeiro) e Oscar Bol\u00e3o (caixa, pratos, agag\u00f4, tri\u00e2ngulo, e pandeiro) celebraram em 2015 vinte anos do Pife Muderno. Nesse tempo j\u00e1 estiveram passeando pelo mundo, dando aulas e se apresentando em universidades como University of Florida (EUA), Aarhus Royal Academy of Music (Dinamarca) e templos da m\u00fasica como Forbidden City Concert Hall (China) e, ao lado de Gilberto Gil, no lend\u00e1rio Carnegie Hall (USA). Percorrendo o Brasil e o mundo estiveram em in\u00fameros festivais e escolas de m\u00fasica apresentando a concep\u00e7\u00e3o \u00fanica da banda. Yamand\u00fa Costa, Moraes Moreira e Lenine s\u00e3o alguns dos artistas que dividiram o palco com o grupo.<\/p>\n<p>Se apresentaram com a Orquestra Petrobras Sinf\u00f4nica do Rio de Janeiro e a Banda Sinf\u00f4nica do Estado de S\u00e3o Paulo em uma inusitada su\u00edte composta por Carlos Malta, que junta a precis\u00e3o musical erudita com a espontaneidade musical popular, em um concerto inspirado nos elementos primitivos presentes no planeta como \u00e1gua, fogo, vento e ar.<\/p>\n<p>Carlos Malta e Pife Muderno \u00e9 um projeto que cativa tanto o p\u00fablico de casas de show interessado em dan\u00e7ar, como o p\u00fablico de teatros interessado em sentar e apreciar a musicalidade \u00fanica do grupo.<\/p>\n<p>&nbsp;<\/p>\n<p>&nbsp;<\/p>\n","protected":false},"excerpt":{"rendered":"<p>&nbsp; Liderado e idealizado pelo \u201cescultor do vento\u201d Carlos Malta, o grupo parte do legado das tradicional\u00edssimas bandas de p\u00edfanos em dire\u00e7\u00e3o a uma sonoridade bem particular, que evidencia a influ\u00eancia contempor\u00e2nea e urbana de seus integrantes. A m\u00fasica do Pife Muderno se d\u00e1 atrav\u00e9s da pr\u00e1tica virtuosa de seus m\u00fasicos, o resultado \u00e9 uma m\u00fasica contagiante, que faz com que as pessoas dancem e se emocionem. Assim como as tradicionais bandas presentes sobretudo no nordeste do Brasil, o grupo [&hellip;]<\/p>\n","protected":false},"author":1,"featured_media":0,"parent":0,"menu_order":0,"comment_status":"closed","ping_status":"closed","template":"","meta":{"footnotes":""},"class_list":["post-4222","page","type-page","status-publish","hentry"],"_links":{"self":[{"href":"https:\/\/bernardoaguiar.com.br\/pb\/wp-json\/wp\/v2\/pages\/4222","targetHints":{"allow":["GET"]}}],"collection":[{"href":"https:\/\/bernardoaguiar.com.br\/pb\/wp-json\/wp\/v2\/pages"}],"about":[{"href":"https:\/\/bernardoaguiar.com.br\/pb\/wp-json\/wp\/v2\/types\/page"}],"author":[{"embeddable":true,"href":"https:\/\/bernardoaguiar.com.br\/pb\/wp-json\/wp\/v2\/users\/1"}],"replies":[{"embeddable":true,"href":"https:\/\/bernardoaguiar.com.br\/pb\/wp-json\/wp\/v2\/comments?post=4222"}],"version-history":[{"count":9,"href":"https:\/\/bernardoaguiar.com.br\/pb\/wp-json\/wp\/v2\/pages\/4222\/revisions"}],"predecessor-version":[{"id":4279,"href":"https:\/\/bernardoaguiar.com.br\/pb\/wp-json\/wp\/v2\/pages\/4222\/revisions\/4279"}],"wp:attachment":[{"href":"https:\/\/bernardoaguiar.com.br\/pb\/wp-json\/wp\/v2\/media?parent=4222"}],"curies":[{"name":"wp","href":"https:\/\/api.w.org\/{rel}","templated":true}]}}