{"id":4231,"date":"2016-01-30T23:14:57","date_gmt":"2016-01-30T23:14:57","guid":{"rendered":"http:\/\/bernardoaguiar.com.br\/?page_id=4231"},"modified":"2016-02-03T20:08:30","modified_gmt":"2016-02-03T20:08:30","slug":"universal-pandeiro","status":"publish","type":"page","link":"https:\/\/bernardoaguiar.com.br\/pb\/universal-pandeiro\/","title":{"rendered":"UNIVERSAL PANDEIRO"},"content":{"rendered":"<div style=\"text-align: center;\"><iframe loading=\"lazy\" src=\"https:\/\/www.youtube.com\/embed\/S2S4ya9-ABc\" width=\"853\" height=\"480\" frameborder=\"0\" allowfullscreen=\"allowfullscreen\"><\/iframe><\/div>\n<p>&nbsp;<\/p>\n<p>Universal Pandeiro \u00e9 um selo audiovisual destinado \u00e0 divulga\u00e7\u00e3o da m\u00fasica feita com pandeiros, instrumentos que fazem parte de uma tradi\u00e7\u00e3o de instrumentos de percuss\u00e3o com ra\u00edzes milenares, categorizados como \u201cframe drums\u201d, que significa \u00a8tambores emoldurados\u00a8. Os membranof\u00f4nicos, com corpo pequeno e com uma pele em um dos lados, existem desde que a humanidade \u00e9 humanidade.<\/p>\n<p>No Brasil, o framedrum ganhou o nome de pandeiro e se desenvolveu de uma maneira muito particular, se espalhando pelo vasto territ\u00f3rio brasileiro e se tornando parte integrante de diversos g\u00eaneros genu\u00ednos como o partido-alto, o choro, o frevo, o c\u00f4co, a capoeira dentre outros.<\/p>\n<p>Com o desenvolvimento da t\u00e9cnica moderna, inaugurada por Marcos Suzano, o instrumento passou a servir como um instrumento capaz de sintetizar id\u00e9ias r\u00edtmicas seja elas quais forem, n\u00e3o somente aquelas notadamente ligadas \u00e0s tradi\u00e7\u00f5es brasileiras.<\/p>\n<p>Ao vocabul\u00e1rio musical brasileiro soma-se o vocabul\u00e1rio musical universal: o pandeiro brasileiro passa a ser tocado a exprimir as id\u00e9ias presente na musicalidade de diversos pandeiristas do mundo inteiro.<\/p>\n<p>Assim como a bateria nasce no contexto do jazz e se espalha pelo mundo, servindo pra tocar qualquer tipo de m\u00fasica, o pandeiro moderno surge no contexto do samba e choro e segue por esse mesmo caminho.<\/p>\n<p>Fundado pelo diretor <a href=\"http:\/\/daniellobo.com.br\" target=\"_blank\">Daniel L\u00f4bo<\/a> e o m\u00fasico Bernardo Aguiar, Universal Pandeiro estreiou em janeiro de 2016 com um material produzido na Filad\u00e9lfia (EUA) . S\u00e3o imagens capturadas no est\u00fadio do selo TensionRod, do produtor musical Jim Hamilton. Em sua primeira edi\u00e7\u00e3o recebe os grandes m\u00fasicos norte-americanos como Tony Miceli, Paul Jost, Brian Potts, Jay Davidson, Brian Potts, June Lopez DJ e conta com incentivo de m\u00fasicos lend\u00e1rios como Sammy Figueroa (o percussionista que gravou com Miles Davis e d\u00e1 seu depoimento no v\u00eddeo teaser) e Scott Feinner, o fundador do maior portal de pandeiros na internet, o <a href=\"http:\/\/pandeiro.com\" target=\"_blank\">pandeiro.com<\/a>.<\/p>\n<p>&nbsp;<\/p>\n<p>&nbsp;<\/p>\n<p>&nbsp;<\/p>\n","protected":false},"excerpt":{"rendered":"<p>&nbsp; Universal Pandeiro \u00e9 um selo audiovisual destinado \u00e0 divulga\u00e7\u00e3o da m\u00fasica feita com pandeiros, instrumentos que fazem parte de uma tradi\u00e7\u00e3o de instrumentos de percuss\u00e3o com ra\u00edzes milenares, categorizados como \u201cframe drums\u201d, que significa \u00a8tambores emoldurados\u00a8. Os membranof\u00f4nicos, com corpo pequeno e com uma pele em um dos lados, existem desde que a humanidade \u00e9 humanidade. No Brasil, o framedrum ganhou o nome de pandeiro e se desenvolveu de uma maneira muito particular, se espalhando pelo vasto territ\u00f3rio brasileiro [&hellip;]<\/p>\n","protected":false},"author":1,"featured_media":0,"parent":0,"menu_order":0,"comment_status":"closed","ping_status":"closed","template":"","meta":{"footnotes":""},"class_list":["post-4231","page","type-page","status-publish","hentry"],"_links":{"self":[{"href":"https:\/\/bernardoaguiar.com.br\/pb\/wp-json\/wp\/v2\/pages\/4231","targetHints":{"allow":["GET"]}}],"collection":[{"href":"https:\/\/bernardoaguiar.com.br\/pb\/wp-json\/wp\/v2\/pages"}],"about":[{"href":"https:\/\/bernardoaguiar.com.br\/pb\/wp-json\/wp\/v2\/types\/page"}],"author":[{"embeddable":true,"href":"https:\/\/bernardoaguiar.com.br\/pb\/wp-json\/wp\/v2\/users\/1"}],"replies":[{"embeddable":true,"href":"https:\/\/bernardoaguiar.com.br\/pb\/wp-json\/wp\/v2\/comments?post=4231"}],"version-history":[{"count":3,"href":"https:\/\/bernardoaguiar.com.br\/pb\/wp-json\/wp\/v2\/pages\/4231\/revisions"}],"predecessor-version":[{"id":4275,"href":"https:\/\/bernardoaguiar.com.br\/pb\/wp-json\/wp\/v2\/pages\/4231\/revisions\/4275"}],"wp:attachment":[{"href":"https:\/\/bernardoaguiar.com.br\/pb\/wp-json\/wp\/v2\/media?parent=4231"}],"curies":[{"name":"wp","href":"https:\/\/api.w.org\/{rel}","templated":true}]}}