{"id":4235,"date":"2016-01-30T23:22:44","date_gmt":"2016-01-30T23:22:44","guid":{"rendered":"http:\/\/bernardoaguiar.com.br\/?page_id=4235"},"modified":"2016-02-24T18:41:59","modified_gmt":"2016-02-24T18:41:59","slug":"pandeiro-repique-duo","status":"publish","type":"page","link":"https:\/\/bernardoaguiar.com.br\/pb\/pandeiro-repique-duo\/","title":{"rendered":"PANDEIRO REPIQUE DUO"},"content":{"rendered":"<p><\/p>\n<div style=\"text-align: center;\"><iframe loading=\"lazy\" src=\"https:\/\/www.youtube.com\/embed\/g6ogCvuQ44Q\" width=\"853\" height=\"480\" frameborder=\"0\" allowfullscreen=\"allowfullscreen\"><\/iframe><\/div>\n<p>&nbsp;<\/p>\n<p>Pandeiro Repique Duo \u00e9 o resultado do encontro destes instrumentos t\u00edpicos da alma carioca, da percuss\u00e3o brasileira.<\/p>\n<p>Bernardo Aguiar e Gabriel Policarpo colocam lado a lado o virtuosismo do pandeiro e do repique extrapolando suas origens regionais. O resultado \u00e9 uma sonoridade sem limites.<\/p>\n<p>Os dois jovens do Rio de Janeiro estiveram juntos no palco pela primeira vez em 2008 na 15\u00aa edi\u00e7\u00e3o do PercPan, um dos mais importantes festivais de percuss\u00e3o do mundo. Oficializaram o projeto Pandeiro Repique Duo em 2009, e a partir de ent\u00e3o atuaram em diversos shows e workshops pelo Brasil e por pa\u00edses da \u00c1frica, Europa e Am\u00e9rica do Sul.<\/p>\n<p>Lan\u00e7ado em 2012, o primeiro \u00e1lbum do duo \u00e9 um registro daquilo que eles vem fazendo nos palcos do Brasil e do mundo. Utilizando apenas pandeiros e repiques (combinados por vezes com suas vozes), o \u00e1lbum conta ainda com um CD b\u00f4nus com as participa\u00e7\u00f5es especiais de Yamand\u00fa Costa, Nicolas Krassik, Carlos Malta, Marcos Suzano, Mestre Ci\u00e7a e o cantor tanzaniano Ashimba.<\/p>\n<p>Bernardo e Gabriel estiveram desenvolvendo oficinas em diferentes festivais, projetos sociais, grupos musicais e escolas de m\u00fasica da Am\u00e9rica do Sul, \u00c1frica e Europa. The Juilliard School of Music (NY), The Philadelphia University of Arts, City University London, Kopenhagen Rytmisk Konservatorium, Aarhus Royal Academy of Music, Dhow Countries Music Academy Zanzibar s\u00e3o algumas universidades por onde o PRD j\u00e1 passou ensinando na pr\u00e1tica a concep\u00e7\u00e3o musical desenvolvida no duo, as muitas possibilidades de seus instrumentos e a maneira que desenvolvem as suas composi\u00e7\u00f5es.<\/p>\n<p>Com uma sonoridade muito vers\u00e1til, o PRD j\u00e1 atuou ao lado de grandes nomes da m\u00fasica como Hamilton de Holanda, Marcos Sacramento, Grupo Bongar, Alcione, Roberta S\u00e1 e de artistas internacionais como a banda norte-americana Ghost Note. Em 2015 foram destaque na programa\u00e7\u00e3o do PASIC, a principal conven\u00e7\u00e3o de percuss\u00e3o do mundo, que aconteceu em San Antonio, nos EUA.<\/p>","protected":false},"excerpt":{"rendered":"<p>&nbsp; Pandeiro Repique Duo \u00e9 o resultado do encontro destes instrumentos t\u00edpicos da alma carioca, da percuss\u00e3o brasileira. Bernardo Aguiar e Gabriel Policarpo colocam lado a lado o virtuosismo do pandeiro e do repique extrapolando suas origens regionais. O resultado \u00e9 uma sonoridade sem limites. Os dois jovens do Rio de Janeiro estiveram juntos no palco pela primeira vez em 2008 na 15\u00aa edi\u00e7\u00e3o do PercPan, um dos mais importantes festivais de percuss\u00e3o do mundo. Oficializaram o projeto Pandeiro Repique [&hellip;]<\/p>\n","protected":false},"author":1,"featured_media":0,"parent":0,"menu_order":0,"comment_status":"closed","ping_status":"closed","template":"","meta":{"footnotes":""},"class_list":["post-4235","page","type-page","status-publish","hentry"],"_links":{"self":[{"href":"https:\/\/bernardoaguiar.com.br\/pb\/wp-json\/wp\/v2\/pages\/4235","targetHints":{"allow":["GET"]}}],"collection":[{"href":"https:\/\/bernardoaguiar.com.br\/pb\/wp-json\/wp\/v2\/pages"}],"about":[{"href":"https:\/\/bernardoaguiar.com.br\/pb\/wp-json\/wp\/v2\/types\/page"}],"author":[{"embeddable":true,"href":"https:\/\/bernardoaguiar.com.br\/pb\/wp-json\/wp\/v2\/users\/1"}],"replies":[{"embeddable":true,"href":"https:\/\/bernardoaguiar.com.br\/pb\/wp-json\/wp\/v2\/comments?post=4235"}],"version-history":[{"count":6,"href":"https:\/\/bernardoaguiar.com.br\/pb\/wp-json\/wp\/v2\/pages\/4235\/revisions"}],"predecessor-version":[{"id":4310,"href":"https:\/\/bernardoaguiar.com.br\/pb\/wp-json\/wp\/v2\/pages\/4235\/revisions\/4310"}],"wp:attachment":[{"href":"https:\/\/bernardoaguiar.com.br\/pb\/wp-json\/wp\/v2\/media?parent=4235"}],"curies":[{"name":"wp","href":"https:\/\/api.w.org\/{rel}","templated":true}]}}