{"id":4249,"date":"2016-01-30T23:52:39","date_gmt":"2016-01-30T23:52:39","guid":{"rendered":"http:\/\/bernardoaguiar.com.br\/?page_id=4249"},"modified":"2016-02-24T22:50:02","modified_gmt":"2016-02-24T22:50:02","slug":"outros","status":"publish","type":"page","link":"https:\/\/bernardoaguiar.com.br\/pb\/outros\/","title":{"rendered":"OUTROS"},"content":{"rendered":"<p>&nbsp;<\/p>\n<h2 style=\"text-align: center;\">PRODU\u00c7\u00c3O MUSICAL<\/h2>\n<p>&nbsp;<\/p>\n<div style=\"text-align: center;\"><iframe loading=\"lazy\" width=\"853\" height=\"480\" src=\"https:\/\/www.youtube.com\/embed\/hZpv8bcKAMI\" frameborder=\"0\" allowfullscreen><\/iframe><\/div>\n<p>&nbsp;<br \/>\nA sua estr\u00e9ia como produtor musical foi em seu pr\u00f3prio trabalho, o disco hom\u00f4nimo de seu projeto Pandeiro Repique Duo, produzido em parceria com Gabriel Policarpo. Al\u00e9m de diversas trilhas, Bernardo Aguiar vem ampliando a participa\u00e7\u00e3o como produtor musical utilizando o seu est\u00fadio Recodemola como base para criar seus pr\u00f3prios timbres e id\u00e9ias originais.<\/p>\n<p>Al\u00e9m de diversas trilhas para produtos audiovisuais, o m\u00fasico vem ampliando a participa\u00e7\u00e3o como produtor musical de artistas talentosos da cena brasileira. O elogiado disco \u201cBatucada Can\u00e7\u00e3o\u201d da cantora <a href=\"http:\/\/alinepaes.com.br\/\">Aline Paes<\/a> foi produzido pelo m\u00fasico.<\/p>\n<p>Em 2015, Bernardo recebeu o convite do lend\u00e1rio produtor norte-americano Martin Cohen, fundador da marca de percuss\u00e3o Latin Percussion, para produzir uma s\u00e9rie de v\u00eddeos do celebrado portal virtual de percuss\u00e3o Congahead.com. Contando com a participa\u00e7\u00e3o de grandes talentos da percuss\u00e3o brasileira, o resultado pode ser conferido no portal <a href=\"http:\/\/congahead.com\/\">congahead.com.<\/a><\/p>\n<p>&nbsp;<\/p>\n<hr \/>\n<p>&nbsp;<br \/>\n&nbsp;<\/p>\n<h2 style=\"text-align: center;\">XINGU CARIRI CARUARU CARIOCA<\/h2>\n<p>&nbsp;<\/p>\n<div style=\"text-align: center;\"><iframe loading=\"lazy\" src=\"https:\/\/player.vimeo.com\/video\/125912300\" width=\"853\" height=\"480\" frameborder=\"0\" webkitallowfullscreen mozallowfullscreen allowfullscreen><\/iframe><\/div>\n<p>&nbsp;<\/p>\n<p>\u00c9 um document\u00e1rio filmado no ano de 2014 e lan\u00e7ado no ano de 2015 que viaja o Brasil investigando o tradicional\u00edssimo universo das bandas de p\u00edfanos. Carlos Malta \u00e9 o protagonista desse document\u00e1rio musical e percorre, junto com o percussionista Bernardo Aguiar, diversos recantos do Brasil onde a cultura da flauta se faz presente.<\/p>\n<p>O universo m\u00edstico da aldeia kuikuro, no Xing\u00fa, \u00e9 um dos locais que a dupla visita em busca de suas origens musicais, procurando n\u00e3o s\u00f3 compreender as ra\u00edzes das flautas, mas tamb\u00e9m o contexto cultural de uma maneira geral. S\u00e3o diversas as experi\u00eancias musicais vivenciadas pelos m\u00fasicos visitando importantes p\u00f3los culturais como o Cariri e o Caruaru, no nordeste do pa\u00eds, locais em que se evidencia a enorme capacidade criativa da m\u00fasica contempor\u00e2nea e tradicional, sempre em transforma\u00e7\u00e3o e sempre ligada a fortes tradi\u00e7\u00f5es.<\/p>\n<p>&nbsp;<\/p>\n<hr \/>\n<p>&nbsp;<br \/>\n&nbsp;<\/p>\n<h2 style=\"text-align: center;\">AFLUENTES<\/h2>\n<p>&nbsp;<\/p>\n<div style=\"text-align: center;\"><iframe loading=\"lazy\" width=\"853\" height=\"480\" src=\"https:\/\/www.youtube.com\/embed\/GCOJg44SlZs\" frameborder=\"0\" allowfullscreen><\/iframe><\/div>\n<p>&nbsp;<\/p>\n<p>O Afluentes surgiu da vontade de apresentar a perspectiva de m\u00fasicos brasileiros sobre diferentes culturas musicais que se retro alimentam e se somam, assim como os rios espalhados pelo mundo.<\/p>\n<p>Juntando a sonoridade tradicional do choro com alguns timbres percussivos diferenciados, o grupo aborda um amplo legado musical do mundo, atingindo naturalmente uma sonoridade bastante h\u00edbrida e intimamente ligada as ra\u00edzes musicais brasileiras. O resultado \u00e9 uma vis\u00e3o de m\u00fasicos brasileiros sobre a m\u00fasica presente na \u00cdndia, Venezuela, Bulg\u00e1ria, Turquia, dentre outros pa\u00edses.<\/p>\n<p>Formado por Rud\u00e1 Brauns (bandolim), Alexandre Bittencourt (flautas), Felipe \u00c1bido (viol\u00e3o de 7 cordas) e Bernardo Aguiar (percuss\u00f5es) o grupo se apresentou em 2015 no Jazz a la Calle, em Mercedes, no Uruguai.<\/p>\n<p>&nbsp;<\/p>\n<hr \/>\n<p>&nbsp;<br \/>\n&nbsp;<\/p>\n<h2 style=\"text-align: center;\">EQUIPE DUBATID\u00c3O<\/h2>\n<p>&nbsp;<\/p>\n<div style=\"text-align: center;\"><iframe loading=\"lazy\" width=\"853\" height=\"480\" src=\"https:\/\/www.youtube.com\/embed\/WPnBgu1Ykmk\" frameborder=\"0\" allowfullscreen><\/iframe><\/div>\n<p>&nbsp;<\/p>\n<p>Equipe Dubatid\u00e3o, tem em comum a paix\u00e3o pela batida moderna e ancestral do funk carioca, o famoso batid\u00e3o. A uni\u00e3o da linguagem musical dos instrumentistas com a ess\u00eancia do funk carioca, dois mundos aparentemente antag\u00f4nicos e socialmente separados, \u00e9 o ponto de partida deste trabalho.<\/p>\n<p>Partindo da id\u00e9ia de que a batida moderna do funk carioca \u00e9 equivalente a uma batida afro-brasileira tradicional, o grupo atinge uma sonoridade in\u00e9dita ao apresentar suas levadas originais, alguns cl\u00e1sicos consagrados do g\u00eanero e suas composi\u00e7\u00f5es autorais, que possuem um discurso pr\u00f3prio, urbano, com cr\u00edtica e humor, caracter\u00edsticas j\u00e1 consagradas desde os tempos de forma\u00e7\u00e3o do funk carioca.<\/p>\n<p>A maneira bem particular de juntar os sons ac\u00fasticos com sons eletr\u00f4nicos traz \u00e0 tona frequ\u00eancias sonoras pouco exploradas pelos instrumentistas convencionais. O trompete, o saxofone, o baixo el\u00e9trico, os tambores, o pandeiro abra\u00e7am a bateria eletr\u00f4nica (MPC) convidando a plateia para dan\u00e7ar pra valer. \u00c9 f\u00e1cil sentir o ritmo, mas j\u00e1 n\u00e3o se sabe o que \u00e9 gerado por instrumentos ac\u00fasticos ou por eletr\u00f4nicos, isso pouco importa, o que importa \u00e9 que tudo se torna uma massa sonora dan\u00e7ante, que n\u00e3o deixa ningu\u00e9m parado.<\/p>\n<p>Bernardo Aguiar \u00e9 um dos idealizadores e toca percuss\u00e3o ac\u00fastica e eletr\u00f4nica no grupo.<\/p>","protected":false},"excerpt":{"rendered":"<p>&nbsp; PRODU\u00c7\u00c3O MUSICAL &nbsp; &nbsp; A sua estr\u00e9ia como produtor musical foi em seu pr\u00f3prio trabalho, o disco hom\u00f4nimo de seu projeto Pandeiro Repique Duo, produzido em parceria com Gabriel Policarpo. Al\u00e9m de diversas trilhas, Bernardo Aguiar vem ampliando a participa\u00e7\u00e3o como produtor musical utilizando o seu est\u00fadio Recodemola como base para criar seus pr\u00f3prios timbres e id\u00e9ias originais. Al\u00e9m de diversas trilhas para produtos audiovisuais, o m\u00fasico vem ampliando a participa\u00e7\u00e3o como produtor musical de artistas talentosos da cena [&hellip;]<\/p>\n","protected":false},"author":1,"featured_media":0,"parent":0,"menu_order":0,"comment_status":"closed","ping_status":"closed","template":"","meta":{"footnotes":""},"class_list":["post-4249","page","type-page","status-publish","hentry"],"_links":{"self":[{"href":"https:\/\/bernardoaguiar.com.br\/pb\/wp-json\/wp\/v2\/pages\/4249","targetHints":{"allow":["GET"]}}],"collection":[{"href":"https:\/\/bernardoaguiar.com.br\/pb\/wp-json\/wp\/v2\/pages"}],"about":[{"href":"https:\/\/bernardoaguiar.com.br\/pb\/wp-json\/wp\/v2\/types\/page"}],"author":[{"embeddable":true,"href":"https:\/\/bernardoaguiar.com.br\/pb\/wp-json\/wp\/v2\/users\/1"}],"replies":[{"embeddable":true,"href":"https:\/\/bernardoaguiar.com.br\/pb\/wp-json\/wp\/v2\/comments?post=4249"}],"version-history":[{"count":16,"href":"https:\/\/bernardoaguiar.com.br\/pb\/wp-json\/wp\/v2\/pages\/4249\/revisions"}],"predecessor-version":[{"id":4389,"href":"https:\/\/bernardoaguiar.com.br\/pb\/wp-json\/wp\/v2\/pages\/4249\/revisions\/4389"}],"wp:attachment":[{"href":"https:\/\/bernardoaguiar.com.br\/pb\/wp-json\/wp\/v2\/media?parent=4249"}],"curies":[{"name":"wp","href":"https:\/\/api.w.org\/{rel}","templated":true}]}}