{"id":4269,"date":"2016-02-03T19:59:55","date_gmt":"2016-02-03T19:59:55","guid":{"rendered":"http:\/\/bernardoaguiar.com.br\/?page_id=4269"},"modified":"2016-02-24T22:44:34","modified_gmt":"2016-02-24T22:44:34","slug":"metodo-pandeiro","status":"publish","type":"page","link":"https:\/\/bernardoaguiar.com.br\/pb\/metodo-pandeiro\/","title":{"rendered":"M\u00c9TODO DE PANDEIRO MODERNO"},"content":{"rendered":"<p>O resultado do desenvolvimento da t\u00e9cnica moderna \u00e9 a expans\u00e3o dos horizontes desse instrumento infinito, que assim como a bateria, \u00e9 capaz de sintetizar de maneira magistral as id\u00e9ias r\u00edtmicas, sejam ela quais forem.<\/p>\n<p>Assim como a bateria surgiu no contexto do jazz e ganhou o mundo servindo pra tocar qualquer g\u00eanero musical, o pandeiro tamb\u00e9m segue por esse caminho atrav\u00e9s de uma vis\u00e3o moderna.<\/p>\n<p>A partir da experi\u00eancia de muitos anos ensinando a t\u00e9cnica inaugurada pelo seu mestre Marcos Suzano, que revolucionou o pandeiro brasileiro ao lhe conferir um car\u00e1ter universal, Bernardo Aguiar lan\u00e7a esse extenso material did\u00e1tico. Seu m\u00e9todo \u00e9 resultado de anos de prepara\u00e7\u00e3o, junto com o percussionista norte-americano Brian Potts, doutor em percuss\u00e3o pela Universidade de Miami.<\/p>\n<p>O <b>M\u00e9todo de Pandeiro Moderno<\/b> \u00e9 voltado tanto para os iniciantes como tamb\u00e9m para os profissionais do instrumento, interessados em ampliar o vocabul\u00e1rio de levadas e algumas t\u00e9cnicas espec\u00edficas.<\/p>\n<p>O resultado pode ser conferido em um livro que inclui um dvd, em que o vasto conte\u00fado \u00e9 resumido, e atrav\u00e9s da internet, e em um site onde muitos v\u00eddeos instrucionais ser\u00e3o compartilhando periodicamente. Trata-se de um vasto material audiovisual.<\/p>\n<p>O m\u00e9todo \u00e9 focado no estudo de levadas, conectando o estudante com as diversas possibilidades de aplica\u00e7\u00f5es pr\u00e1ticas, de acordo com a experi\u00eancia musical de cada um. Ou seja, o aprendizado t\u00e9cnico est\u00e1 sempre em di\u00e1logo com as aplica\u00e7\u00f5es musicais poss\u00edveis. O m\u00e9todo se divide em 3 sess\u00f5es principais:<\/p>\n<ul>\n<li>Adapta\u00e7\u00f5es, que diz respeito a arte de adaptar ritmos j\u00e1 existentes para o pandeiro. Nesta parte o mergulho maior \u00e9 direcionado aos ritmos brasileiros, mas tamb\u00e9m h\u00e1 uma vasta apresenta\u00e7\u00e3o de ritmos consagrados no mundo inteiro. Caboclinho, Forr\u00f3, Maracatu, Bumba Meu Boi, Samba adaptado, Candombl\u00e9 Angola e Ketu, Reggae, Salsa, Drum and Bass, Funk e Candombe s\u00e3o somente alguns poucos exemplos dentre tantos. Essa \u00e9 a maior parte do m\u00e9todo.<\/li>\n<\/ul>\n<ul>\n<li>Tradi\u00e7\u00f5es, que diz respeito a alguns breves exemplos de como o pandeiro \u00e9 encontrado nas diversas tradi\u00e7\u00f5es brasileiras. Essa sess\u00e3o serve de inspira\u00e7\u00e3o para o desenvolvimento da t\u00e9cnica moderna em si.<\/li>\n<\/ul>\n<ul>\n<li>Cria\u00e7\u00f5es, que diz respeito ao trabalho desenvolvido durante anos por Bernardo Aguiar, com algumas levadas bem particulares por ele criadas.<\/li>\n<\/ul>\n<p>O lan\u00e7amento do M\u00e9todo de Pandeiro Moderno est\u00e1 previsto para o segundo semestre de 2016 em vers\u00e3o f\u00edsica e digital.<\/p>","protected":false},"excerpt":{"rendered":"<p>O resultado do desenvolvimento da t\u00e9cnica moderna \u00e9 a expans\u00e3o dos horizontes desse instrumento infinito, que assim como a bateria, \u00e9 capaz de sintetizar de maneira magistral as id\u00e9ias r\u00edtmicas, sejam ela quais forem. Assim como a bateria surgiu no contexto do jazz e ganhou o mundo servindo pra tocar qualquer g\u00eanero musical, o pandeiro tamb\u00e9m segue por esse caminho atrav\u00e9s de uma vis\u00e3o moderna. A partir da experi\u00eancia de muitos anos ensinando a t\u00e9cnica inaugurada pelo seu mestre Marcos [&hellip;]<\/p>\n","protected":false},"author":1,"featured_media":0,"parent":0,"menu_order":0,"comment_status":"closed","ping_status":"closed","template":"","meta":{"footnotes":""},"class_list":["post-4269","page","type-page","status-publish","hentry"],"_links":{"self":[{"href":"https:\/\/bernardoaguiar.com.br\/pb\/wp-json\/wp\/v2\/pages\/4269","targetHints":{"allow":["GET"]}}],"collection":[{"href":"https:\/\/bernardoaguiar.com.br\/pb\/wp-json\/wp\/v2\/pages"}],"about":[{"href":"https:\/\/bernardoaguiar.com.br\/pb\/wp-json\/wp\/v2\/types\/page"}],"author":[{"embeddable":true,"href":"https:\/\/bernardoaguiar.com.br\/pb\/wp-json\/wp\/v2\/users\/1"}],"replies":[{"embeddable":true,"href":"https:\/\/bernardoaguiar.com.br\/pb\/wp-json\/wp\/v2\/comments?post=4269"}],"version-history":[{"count":2,"href":"https:\/\/bernardoaguiar.com.br\/pb\/wp-json\/wp\/v2\/pages\/4269\/revisions"}],"predecessor-version":[{"id":4387,"href":"https:\/\/bernardoaguiar.com.br\/pb\/wp-json\/wp\/v2\/pages\/4269\/revisions\/4387"}],"wp:attachment":[{"href":"https:\/\/bernardoaguiar.com.br\/pb\/wp-json\/wp\/v2\/media?parent=4269"}],"curies":[{"name":"wp","href":"https:\/\/api.w.org\/{rel}","templated":true}]}}