{"id":4335,"date":"2016-02-24T19:31:21","date_gmt":"2016-02-24T19:31:21","guid":{"rendered":"http:\/\/bernardoaguiar.com.br\/?page_id=4335"},"modified":"2016-03-09T02:08:01","modified_gmt":"2016-03-09T02:08:01","slug":"imprensa","status":"publish","type":"page","link":"https:\/\/bernardoaguiar.com.br\/pb\/imprensa\/","title":{"rendered":"IMPRENSA"},"content":{"rendered":"<p>O GLOBO- 22\/08\/2012-\u00a0<a href=\"http:\/\/blogs.oglobo.globo.com\/amplificador\/post\/pandeiro-repique-duo-um-disco-so-com-percussao-convidados-ilustres-461545.html\" target=\"_blank\">Pandeiro Repique Duo: um disco s\u00f3 com percuss\u00e3o e convidados ilustres<\/a><\/p>\n<p>O GLOBO- 10\/04\/2013- <a href=\"http:\/\/blogs.oglobo.globo.com\/amplificador\/post\/prd-mostra-bastidores-da-gravacao-com-yamandu-ilustres-da-percussao-492966.html\">PRD mostra bastidores da grava\u00e7\u00e3o com Yamand\u00fa e ilustres da percuss\u00e3o<\/a><\/p>\n<p>O GLOBO- 24\/10\/2015- <a href=\"http:\/\/oglobo.globo.com\/cultura\/musica\/ala-jovem-do-jazz-banda-fusion-snarky-puppy-renova-genero-17860188\" target=\"_blank\">Ala jovem do jazz, banda fusion Snarky Puppy renova g\u00eanero <\/a><\/p>\n<p>TV CULTURA &#8211; 28\/05\/2015 &#8211; <a href=\"http:\/\/culturabrasil.cmais.com.br\/colunas\/lancamentos\/ao-vivo-na-china-carlos-malta-e-pife-muderno\" target=\"_blank\">Ao vivo na China: Carlos Malta e Pife Muderno<\/a><\/p>\n<p>CORREIO BRAZILIENSE &#8211; 27\/04\/2015 &#8211; <a href=\"http:\/\/www.correiobraziliense.com.br\/app\/noticia\/diversao-e-arte\/2015\/04\/27\/interna_diversao_arte,480900\/carlos-malta-e-pife-muderno-comemoram-20-anos-de-carreira-com-disco-duplo.shtml\" target=\"_blank\">Carlos Malta e Pife Muderno comemoram 20 anos de carreira com disco duplo<\/a><\/p>\n<p>O GLOBO- 14\/11\/ 2015- <a href=\"http:\/\/oglobo.globo.com\/cultura\/filmes\/xingu-cariri-caruaru-carioca-mostra-viagem-de-carlos-malta-pelo-brasil-18043292\" target=\"_blank\">\u2018Xingu Cariri Caruaru Carioca\u2019 mostra viagem de Carlos Malta pelo Brasil <\/a><\/p>\n","protected":false},"excerpt":{"rendered":"<p>O GLOBO- 22\/08\/2012-\u00a0Pandeiro Repique Duo: um disco s\u00f3 com percuss\u00e3o e convidados ilustres O GLOBO- 10\/04\/2013- PRD mostra bastidores da grava\u00e7\u00e3o com Yamand\u00fa e ilustres da percuss\u00e3o O GLOBO- 24\/10\/2015- Ala jovem do jazz, banda fusion Snarky Puppy renova g\u00eanero TV CULTURA &#8211; 28\/05\/2015 &#8211; Ao vivo na China: Carlos Malta e Pife Muderno CORREIO BRAZILIENSE &#8211; 27\/04\/2015 &#8211; Carlos Malta e Pife Muderno comemoram 20 anos de carreira com disco duplo O GLOBO- 14\/11\/ 2015- \u2018Xingu Cariri Caruaru Carioca\u2019 [&hellip;]<\/p>\n","protected":false},"author":1,"featured_media":0,"parent":0,"menu_order":0,"comment_status":"closed","ping_status":"closed","template":"","meta":{"footnotes":""},"class_list":["post-4335","page","type-page","status-publish","hentry"],"_links":{"self":[{"href":"https:\/\/bernardoaguiar.com.br\/pb\/wp-json\/wp\/v2\/pages\/4335","targetHints":{"allow":["GET"]}}],"collection":[{"href":"https:\/\/bernardoaguiar.com.br\/pb\/wp-json\/wp\/v2\/pages"}],"about":[{"href":"https:\/\/bernardoaguiar.com.br\/pb\/wp-json\/wp\/v2\/types\/page"}],"author":[{"embeddable":true,"href":"https:\/\/bernardoaguiar.com.br\/pb\/wp-json\/wp\/v2\/users\/1"}],"replies":[{"embeddable":true,"href":"https:\/\/bernardoaguiar.com.br\/pb\/wp-json\/wp\/v2\/comments?post=4335"}],"version-history":[{"count":15,"href":"https:\/\/bernardoaguiar.com.br\/pb\/wp-json\/wp\/v2\/pages\/4335\/revisions"}],"predecessor-version":[{"id":4401,"href":"https:\/\/bernardoaguiar.com.br\/pb\/wp-json\/wp\/v2\/pages\/4335\/revisions\/4401"}],"wp:attachment":[{"href":"https:\/\/bernardoaguiar.com.br\/pb\/wp-json\/wp\/v2\/media?parent=4335"}],"curies":[{"name":"wp","href":"https:\/\/api.w.org\/{rel}","templated":true}]}}